{"id":14,"date":"2019-12-09T15:47:10","date_gmt":"2019-12-09T15:47:10","guid":{"rendered":"https:\/\/croioigeathlone.com\/?page_id=14"},"modified":"2026-03-19T09:36:37","modified_gmt":"2026-03-19T09:36:37","slug":"home","status":"publish","type":"page","link":"https:\/\/croioigeathlone.com\/","title":{"rendered":"HOME"},"content":{"rendered":"\n<style type=\"text\/css\" data-created_by=\"avia_inline_auto\" id=\"style-css-av-deija-c084f0887f8a517266d8047caa15e817\">\n.flex_column.av-deija-c084f0887f8a517266d8047caa15e817{\nborder-radius:0px 0px 0px 0px;\npadding:0px 0px 0px 0px;\n}\n<\/style>\n<div  class='flex_column av-deija-c084f0887f8a517266d8047caa15e817 av_one_full  avia-builder-el-0  el_before_av_hr  avia-builder-el-first  first flex_column_div av-zero-column-padding  '     ><div  class='avia-slideshow av-k3ylzw02-93af6caeb30c79ac496cfe50ad963dae avia-slideshow-featured av_slideshow avia-slide-slider  avia-builder-el-1  avia-builder-el-no-sibling  av-slideshow-ui av-control-default av-slideshow-manual av-loop-once av-loop-manual-endless av-default-height-applied avia-slideshow-1' data-slideshow-options=\"{&quot;animation&quot;:&quot;slide&quot;,&quot;autoplay&quot;:false,&quot;loop_autoplay&quot;:&quot;once&quot;,&quot;interval&quot;:5,&quot;loop_manual&quot;:&quot;manual-endless&quot;,&quot;autoplay_stopper&quot;:false,&quot;noNavigation&quot;:false,&quot;bg_slider&quot;:false,&quot;keep_padding&quot;:false,&quot;hoverpause&quot;:false,&quot;show_slide_delay&quot;:0}\"  itemprop=\"image\" itemscope=\"itemscope\" itemtype=\"https:\/\/schema.org\/ImageObject\" ><ul class='avia-slideshow-inner ' style='padding-bottom: 28.640776699029%;'><li  class='avia-slideshow-slide av-k3ylzw02-93af6caeb30c79ac496cfe50ad963dae__0  slide-1 slide-odd'><div data-rel='slideshow-1' class='avia-slide-wrap '   ><img fetchpriority=\"high\" class=\"wp-image-73 avia-img-lazy-loading-not-73\"  src='https:\/\/croioigeathlone.com\/wp-content\/uploads\/2019\/12\/CRO\u00cd-\u00d3IGE-SLIDER-1.jpg' width='1030' height='295' title='CRO\u00cd-\u00d3IGE-SLIDER-1' alt=''  itemprop=\"thumbnailUrl\"   \/><\/div><\/li><li  class='avia-slideshow-slide av-k3ylzw02-93af6caeb30c79ac496cfe50ad963dae__1  slide-2 slide-even'><div data-rel='slideshow-1' class='avia-slide-wrap '   ><img fetchpriority=\"high\" class=\"wp-image-74 avia-img-lazy-loading-not-74\"  src='https:\/\/croioigeathlone.com\/wp-content\/uploads\/2019\/12\/CRO\u00cd-\u00d3IGE-SLIDER-2.jpg' width='1030' height='295' title='CRO\u00cd-\u00d3IGE-SLIDER-2' alt=''  itemprop=\"thumbnailUrl\"   \/><\/div><\/li><\/ul><div class='avia-slideshow-arrows avia-slideshow-controls' ><a href='#prev' class='prev-slide  avia-svg-icon avia-font-svg_entypo-fontello' data-av_svg_icon='left-open-big' data-av_iconset='svg_entypo-fontello' tabindex='-1' title=\"Previous\"><svg version=\"1.1\" xmlns=\"http:\/\/www.w3.org\/2000\/svg\" width=\"15\" height=\"32\" viewBox=\"0 0 15 32\" preserveAspectRatio=\"xMidYMid meet\" aria-labelledby='av-svg-title-1' aria-describedby='av-svg-desc-1' role=\"graphics-symbol\" aria-hidden=\"true\">\n<title id='av-svg-title-1'>Previous<\/title>\n<desc id='av-svg-desc-1'>Previous<\/desc>\n<path d=\"M14.464 27.84q0.832 0.832 0 1.536-0.832 0.832-1.536 0l-12.544-12.608q-0.768-0.768 0-1.6l12.544-12.608q0.704-0.832 1.536 0 0.832 0.704 0 1.536l-11.456 11.904z\"><\/path>\n<\/svg><span class='avia_hidden_link_text'>Previous<\/span><\/a><a href='#next' class='next-slide  avia-svg-icon avia-font-svg_entypo-fontello' data-av_svg_icon='right-open-big' data-av_iconset='svg_entypo-fontello' tabindex='-1' title=\"Next\"><svg version=\"1.1\" xmlns=\"http:\/\/www.w3.org\/2000\/svg\" width=\"15\" height=\"32\" viewBox=\"0 0 15 32\" preserveAspectRatio=\"xMidYMid meet\" aria-labelledby='av-svg-title-2' aria-describedby='av-svg-desc-2' role=\"graphics-symbol\" aria-hidden=\"true\">\n<title id='av-svg-title-2'>Next<\/title>\n<desc id='av-svg-desc-2'>Next<\/desc>\n<path d=\"M0.416 27.84l11.456-11.84-11.456-11.904q-0.832-0.832 0-1.536 0.832-0.832 1.536 0l12.544 12.608q0.768 0.832 0 1.6l-12.544 12.608q-0.704 0.832-1.536 0-0.832-0.704 0-1.536z\"><\/path>\n<\/svg><span class='avia_hidden_link_text'>Next<\/span><\/a><\/div><div class='avia-slideshow-dots avia-slideshow-controls'><a href='#1' class='goto-slide active' >1<\/a><a href='#2' class='goto-slide ' >2<\/a><\/div><\/div><\/div>\n<div  class='hr av-19c16-509ba4e04c869ccb878d12bf864d7071 hr-default  avia-builder-el-2  el_after_av_one_full  el_before_av_one_half '><span class='hr-inner '><span class=\"hr-inner-style\"><\/span><\/span><\/div>\n\n<style type=\"text\/css\" data-created_by=\"avia_inline_auto\" id=\"style-css-av-a8qxm-92d29f64f74642ce1c11522b064dff5b\">\n.flex_column.av-a8qxm-92d29f64f74642ce1c11522b064dff5b{\nborder-radius:0px 0px 0px 0px;\npadding:0px 0px 0px 0px;\n}\n<\/style>\n<div  class='flex_column av-a8qxm-92d29f64f74642ce1c11522b064dff5b av_one_half  avia-builder-el-3  el_after_av_hr  el_before_av_one_half  first flex_column_div av-zero-column-padding  '     ><p>\n<style type=\"text\/css\" data-created_by=\"avia_inline_auto\" id=\"style-css-av-mmx9z8fj-c2f2a68fb8b2a904a334d9e02c5d58eb\">\n#top .av-special-heading.av-mmx9z8fj-c2f2a68fb8b2a904a334d9e02c5d58eb{\npadding-bottom:10px;\ncolor:#b02b2c;\n}\nbody .av-special-heading.av-mmx9z8fj-c2f2a68fb8b2a904a334d9e02c5d58eb .av-special-heading-tag .heading-char{\nfont-size:25px;\n}\n.av-special-heading.av-mmx9z8fj-c2f2a68fb8b2a904a334d9e02c5d58eb .special-heading-inner-border{\nborder-color:#b02b2c;\n}\n.av-special-heading.av-mmx9z8fj-c2f2a68fb8b2a904a334d9e02c5d58eb .av-subheading{\nfont-size:15px;\n}\n<\/style>\n<div  class='av-special-heading av-mmx9z8fj-c2f2a68fb8b2a904a334d9e02c5d58eb av-special-heading-h2 custom-color-heading  avia-builder-el-4  el_before_av_hr  avia-builder-el-first '><h2 class='av-special-heading-tag '  itemprop=\"headline\"  >Applications for the 26\/27 Academic Year are now closed.  <\/h2><div class=\"special-heading-border\"><div class=\"special-heading-inner-border\"><\/div><\/div><\/div><br \/>\n<div  class='hr av-1c03i-3151c15f4a91b5217fb791835254ccae hr-default  avia-builder-el-5  el_after_av_heading  el_before_av_textblock '><span class='hr-inner '><span class=\"hr-inner-style\"><\/span><\/span><\/div><br \/>\n\n<style type=\"text\/css\" data-created_by=\"avia_inline_auto\" id=\"style-css-av-9lz9a-66c4f5fe694f50ce854e6c5dcd23575c\">\n#top .av_textblock_section.av-9lz9a-66c4f5fe694f50ce854e6c5dcd23575c .avia_textblock{\nfont-size:16px;\n}\n<\/style>\n<section  class='av_textblock_section av-9lz9a-66c4f5fe694f50ce854e6c5dcd23575c '   itemscope=\"itemscope\" itemtype=\"https:\/\/schema.org\/CreativeWork\" ><div class='avia_textblock'  itemprop=\"text\" ><p>Applications were open from 11th &#8211; 18th March 2026. We may reopen our wait list at a later date. Please keep an eye on our website for updates.<\/p>\n<\/div><\/section><br \/>\n\n<style type=\"text\/css\" data-created_by=\"avia_inline_auto\" id=\"style-css-av-9lz9a-66c4f5fe694f50ce854e6c5dcd23575c\">\n#top .av_textblock_section.av-9lz9a-66c4f5fe694f50ce854e6c5dcd23575c .avia_textblock{\nfont-size:16px;\n}\n<\/style>\n<section  class='av_textblock_section av-9lz9a-66c4f5fe694f50ce854e6c5dcd23575c '   itemscope=\"itemscope\" itemtype=\"https:\/\/schema.org\/CreativeWork\" ><div class='avia_textblock'  itemprop=\"text\" ><\/div><\/section><br \/>\n<br \/>\n<div  class='hr av-8qafu-1f0a25128ca72d2bf37f8505bf7a6999 hr-default  avia-builder-el-9  el_after_av_heading  avia-builder-el-last '><span class='hr-inner '><span class=\"hr-inner-style\"><\/span><\/span><\/div><\/p><\/div>\n<style type=\"text\/css\" data-created_by=\"avia_inline_auto\" id=\"style-css-av-a8qxm-7489ad02e8b13450ca590bdd8f2974ac\">\n.flex_column.av-a8qxm-7489ad02e8b13450ca590bdd8f2974ac{\nborder-radius:0px 0px 0px 0px;\npadding:0px 0px 0px 0px;\n}\n<\/style>\n<div  class='flex_column av-a8qxm-7489ad02e8b13450ca590bdd8f2974ac av_one_half  avia-builder-el-10  el_after_av_one_half  el_before_av_hr  flex_column_div av-zero-column-padding  '     ><p>\n<style type=\"text\/css\" data-created_by=\"avia_inline_auto\" id=\"style-css-av-15hom-1919858a164a333f4d876865c3532c2a\">\n#top .av-special-heading.av-15hom-1919858a164a333f4d876865c3532c2a{\npadding-bottom:10px;\n}\nbody .av-special-heading.av-15hom-1919858a164a333f4d876865c3532c2a .av-special-heading-tag .heading-char{\nfont-size:25px;\n}\n.av-special-heading.av-15hom-1919858a164a333f4d876865c3532c2a .av-subheading{\nfont-size:15px;\n}\n<\/style>\n<div  class='av-special-heading av-15hom-1919858a164a333f4d876865c3532c2a av-special-heading-h3  avia-builder-el-11  el_before_av_textblock  avia-builder-el-first '><h3 class='av-special-heading-tag '  itemprop=\"headline\"  >Cro\u00ed \u00d3ige Student Accommodation <\/h3><div class=\"special-heading-border\"><div class=\"special-heading-inner-border\"><\/div><\/div><\/div><br \/>\n\n<style type=\"text\/css\" data-created_by=\"avia_inline_auto\" id=\"style-css-av-9lz9a-66c4f5fe694f50ce854e6c5dcd23575c\">\n#top .av_textblock_section.av-9lz9a-66c4f5fe694f50ce854e6c5dcd23575c .avia_textblock{\nfont-size:16px;\n}\n<\/style>\n<section  class='av_textblock_section av-9lz9a-66c4f5fe694f50ce854e6c5dcd23575c '   itemscope=\"itemscope\" itemtype=\"https:\/\/schema.org\/CreativeWork\" ><div class='avia_textblock'  itemprop=\"text\" ><p>Purpose built student accommodation, secure and professionally managed. This development is extremely popular due to its very close proximity to TUS Midlands. The property boasts large apartments with spacious living areas, kitchens and bedrooms. Accommodations range from a 2 bedroom apartment to 4 bedroom duplex style apartments which are located directly opposite TUS Midlands.<\/p>\n<p><strong>Facilities Include:<\/strong><\/p>\n<p>\u2022 Communal laundry room<br \/>\n\u2022 Retail shops and cafes on site<br \/>\n\u2022 Residential Parking<br \/>\n\u2022 Frequent bus routes into Athlone town<br \/>\n\u2022 5 minute walk to gym and other amenities \u2013 library, running track, Aldi 10 min walk<\/p>\n<\/div><\/section><br \/>\n<div  class='avia-button-wrap avia-button-center  avia-builder-el-13  el_after_av_textblock  el_before_av_hr '>\n<style type=\"text\/css\" data-created_by=\"avia_inline_auto\" id=\"style-css-av-lf717u26-a7fc95b22efa33f9cec6991521a6c3f4\">\n#top #wrap_all .avia-button.av-lf717u26-a7fc95b22efa33f9cec6991521a6c3f4{\ncolor:#ffffff;\ntransition:all 0.4s ease-in-out;\n}\n#top #wrap_all .avia-button.av-lf717u26-a7fc95b22efa33f9cec6991521a6c3f4:hover{\ncolor:#ffffff;\ntransition:all 0.4s ease-in-out;\n}\n#top #wrap_all .avia-button.av-lf717u26-a7fc95b22efa33f9cec6991521a6c3f4 .avia-svg-icon svg:first-child{\nfill:#ffffff;\nstroke:#ffffff;\n}\n#top #wrap_all .avia-button.av-lf717u26-a7fc95b22efa33f9cec6991521a6c3f4:hover .avia-svg-icon svg:first-child{\nfill:#ffffff;\nstroke:#ffffff;\n}\n<\/style>\n<a href='https:\/\/mandc.securedaccommodationnow.com\/ResidentPortal\/Login.aspx' class='avia-color-theme-color avia-button avia-button-fullwidth av-lf717u26-a7fc95b22efa33f9cec6991521a6c3f4 avia-icon_select-no avia-color-theme-color'  target=\"_blank\"  rel=\"noopener noreferrer\"  aria-label=\"Student Portal\"><span class='avia_iconbox_title' >Student Portal<\/span><span class='avia_button_background avia-button avia-button-fullwidth avia-color-theme-color'><\/span><\/a><\/div><br \/>\n<div  class='hr av-1c03i-3151c15f4a91b5217fb791835254ccae hr-default  avia-builder-el-14  el_after_av_button_big  el_before_av_gallery  avia-builder-el-first '><span class='hr-inner '><span class=\"hr-inner-style\"><\/span><\/span><\/div><br \/>\n\n<style type=\"text\/css\" data-created_by=\"avia_inline_auto\" id=\"style-css-av-k3yndvd5-6baea54939692c706f594044772db7dd\">\n#top .avia-gallery.av-k3yndvd5-6baea54939692c706f594044772db7dd .avia-gallery-thumb a{\nwidth:20%;\n}\n<\/style>\n<div  class='avia-gallery av-k3yndvd5-6baea54939692c706f594044772db7dd avia_animate_when_visible  avia-builder-el-15  el_after_av_hr  avia-builder-el-last  avia_lazyload av-slideshow-ui av-loop-manual-endless av-control-hidden av-navigate-arrows av-navigate-dots hover-effect av-control-hidden avia-gallery-animate avia-gallery-1'  itemprop=\"image\" itemscope=\"itemscope\" itemtype=\"https:\/\/schema.org\/ImageObject\" ><meta itemprop=\"contentURL\" content=\"https:\/\/croioigeathlone.com\/\"><div class='avia-gallery-big-wrapper'><a class='avia-gallery-big fakeLightbox lightbox avia-gallery-big-crop-thumb ' href=\"https:\/\/croioigeathlone.com\/wp-content\/uploads\/2019\/12\/IMG_0342-1030x773.jpg\"  data-onclick='1' title='IMG_0342' ><span class='avia-gallery-big-inner'  itemprop=\"thumbnailUrl\" ><img fetchpriority=\"high\" class=\"wp-image-64 avia-img-lazy-loading-not-64\"  width='495' height='400' src='https:\/\/croioigeathlone.com\/wp-content\/uploads\/2019\/12\/IMG_0342-495x400.jpg' title='IMG_0342' alt='' \/><\/span><\/a><\/div><div class='avia-gallery-thumb'><a href=\"https:\/\/croioigeathlone.com\/wp-content\/uploads\/2019\/12\/IMG_0342-1030x773.jpg\" data-rel='gallery-1' data-prev-img='https:\/\/croioigeathlone.com\/wp-content\/uploads\/2019\/12\/IMG_0342-495x400.jpg' class='first_thumb lightbox ' data-onclick='1' title='IMG_0342'  itemprop=\"thumbnailUrl\"  ><img fetchpriority=\"high\" class=\"wp-image-64 avia-img-lazy-loading-not-64\"   src='https:\/\/croioigeathlone.com\/wp-content\/uploads\/2019\/12\/IMG_0342-495x400.jpg' width='495' height='400'  title='IMG_0342' alt='' \/><div class='big-prev-fake'><img loading=\"lazy\" class=\"wp-image-64 avia-img-lazy-loading-64\"  width='495' height='400' src='https:\/\/croioigeathlone.com\/wp-content\/uploads\/2019\/12\/IMG_0342-495x400.jpg' title='IMG_0342' alt='' \/><\/div><\/a><a href=\"https:\/\/croioigeathlone.com\/wp-content\/uploads\/2019\/12\/IMG_0334-1030x773.jpg\" data-rel='gallery-1' data-prev-img='https:\/\/croioigeathlone.com\/wp-content\/uploads\/2019\/12\/IMG_0334-495x400.jpg' class='lightbox ' data-onclick='2' title='IMG_0334'  itemprop=\"thumbnailUrl\"  ><img fetchpriority=\"high\" class=\"wp-image-63 avia-img-lazy-loading-not-63\"   src='https:\/\/croioigeathlone.com\/wp-content\/uploads\/2019\/12\/IMG_0334-495x400.jpg' width='495' height='400'  title='IMG_0334' alt='' \/><div class='big-prev-fake'><img loading=\"lazy\" class=\"wp-image-63 avia-img-lazy-loading-63\"  width='495' height='400' src='https:\/\/croioigeathlone.com\/wp-content\/uploads\/2019\/12\/IMG_0334-495x400.jpg' title='IMG_0334' alt='' \/><\/div><\/a><a href=\"https:\/\/croioigeathlone.com\/wp-content\/uploads\/2019\/12\/IMG_0333-1030x773.jpg\" data-rel='gallery-1' data-prev-img='https:\/\/croioigeathlone.com\/wp-content\/uploads\/2019\/12\/IMG_0333-495x400.jpg' class='lightbox ' data-onclick='3' title='IMG_0333'  itemprop=\"thumbnailUrl\"  ><img fetchpriority=\"high\" class=\"wp-image-62 avia-img-lazy-loading-not-62\"   src='https:\/\/croioigeathlone.com\/wp-content\/uploads\/2019\/12\/IMG_0333-495x400.jpg' width='495' height='400'  title='IMG_0333' alt='' \/><div class='big-prev-fake'><img loading=\"lazy\" class=\"wp-image-62 avia-img-lazy-loading-62\"  width='495' height='400' src='https:\/\/croioigeathlone.com\/wp-content\/uploads\/2019\/12\/IMG_0333-495x400.jpg' title='IMG_0333' alt='' \/><\/div><\/a><a href=\"https:\/\/croioigeathlone.com\/wp-content\/uploads\/2019\/12\/IMG_0345-1030x773.jpg\" data-rel='gallery-1' data-prev-img='https:\/\/croioigeathlone.com\/wp-content\/uploads\/2019\/12\/IMG_0345-495x400.jpg' class='lightbox ' data-onclick='4' title='IMG_0345'  itemprop=\"thumbnailUrl\"  ><img fetchpriority=\"high\" class=\"wp-image-65 avia-img-lazy-loading-not-65\"   src='https:\/\/croioigeathlone.com\/wp-content\/uploads\/2019\/12\/IMG_0345-495x400.jpg' width='495' height='400'  title='IMG_0345' alt='' \/><div class='big-prev-fake'><img loading=\"lazy\" class=\"wp-image-65 avia-img-lazy-loading-65\"  width='495' height='400' src='https:\/\/croioigeathlone.com\/wp-content\/uploads\/2019\/12\/IMG_0345-495x400.jpg' title='IMG_0345' alt='' \/><\/div><\/a><a href=\"https:\/\/croioigeathlone.com\/wp-content\/uploads\/2019\/12\/IMG_0398-1030x773.jpg\" data-rel='gallery-1' data-prev-img='https:\/\/croioigeathlone.com\/wp-content\/uploads\/2019\/12\/IMG_0398-495x400.jpg' class='lightbox ' data-onclick='5' title='IMG_0398'  itemprop=\"thumbnailUrl\"  ><img fetchpriority=\"high\" class=\"wp-image-66 avia-img-lazy-loading-not-66\"   src='https:\/\/croioigeathlone.com\/wp-content\/uploads\/2019\/12\/IMG_0398-495x400.jpg' width='495' height='400'  title='IMG_0398' alt='' \/><div class='big-prev-fake'><img loading=\"lazy\" class=\"wp-image-66 avia-img-lazy-loading-66\"  width='495' height='400' src='https:\/\/croioigeathlone.com\/wp-content\/uploads\/2019\/12\/IMG_0398-495x400.jpg' title='IMG_0398' alt='' \/><\/div><\/a><a href=\"https:\/\/croioigeathlone.com\/wp-content\/uploads\/2019\/12\/IMG_0404-1030x773.jpg\" data-rel='gallery-1' data-prev-img='https:\/\/croioigeathlone.com\/wp-content\/uploads\/2019\/12\/IMG_0404-495x400.jpg' class='first_thumb lightbox ' data-onclick='6' title='IMG_0404'  itemprop=\"thumbnailUrl\"  ><img fetchpriority=\"high\" class=\"wp-image-67 avia-img-lazy-loading-not-67\"   src='https:\/\/croioigeathlone.com\/wp-content\/uploads\/2019\/12\/IMG_0404-495x400.jpg' width='495' height='400'  title='IMG_0404' alt='' \/><div class='big-prev-fake'><img loading=\"lazy\" class=\"wp-image-67 avia-img-lazy-loading-67\"  width='495' height='400' src='https:\/\/croioigeathlone.com\/wp-content\/uploads\/2019\/12\/IMG_0404-495x400.jpg' title='IMG_0404' alt='' \/><\/div><\/a><a href=\"https:\/\/croioigeathlone.com\/wp-content\/uploads\/2019\/12\/IMG_0418-773x1030.jpg\" data-rel='gallery-1' data-prev-img='https:\/\/croioigeathlone.com\/wp-content\/uploads\/2019\/12\/IMG_0418-495x400.jpg' class='lightbox ' data-onclick='7' title='IMG_0418'  itemprop=\"thumbnailUrl\"  ><img fetchpriority=\"high\" class=\"wp-image-68 avia-img-lazy-loading-not-68\"   src='https:\/\/croioigeathlone.com\/wp-content\/uploads\/2019\/12\/IMG_0418-495x400.jpg' width='495' height='400'  title='IMG_0418' alt='' \/><div class='big-prev-fake'><img loading=\"lazy\" class=\"wp-image-68 avia-img-lazy-loading-68\"  width='495' height='400' src='https:\/\/croioigeathlone.com\/wp-content\/uploads\/2019\/12\/IMG_0418-495x400.jpg' title='IMG_0418' alt='' \/><\/div><\/a><a href=\"https:\/\/croioigeathlone.com\/wp-content\/uploads\/2019\/12\/IMG_0428-1030x773.jpg\" data-rel='gallery-1' data-prev-img='https:\/\/croioigeathlone.com\/wp-content\/uploads\/2019\/12\/IMG_0428-495x400.jpg' class='lightbox ' data-onclick='8' title='IMG_0428'  itemprop=\"thumbnailUrl\"  ><img fetchpriority=\"high\" class=\"wp-image-69 avia-img-lazy-loading-not-69\"   src='https:\/\/croioigeathlone.com\/wp-content\/uploads\/2019\/12\/IMG_0428-495x400.jpg' width='495' height='400'  title='IMG_0428' alt='' \/><div class='big-prev-fake'><img loading=\"lazy\" class=\"wp-image-69 avia-img-lazy-loading-69\"  width='495' height='400' src='https:\/\/croioigeathlone.com\/wp-content\/uploads\/2019\/12\/IMG_0428-495x400.jpg' title='IMG_0428' alt='' \/><\/div><\/a><a href=\"https:\/\/croioigeathlone.com\/wp-content\/uploads\/2019\/12\/IMG_0422-773x1030.jpg\" data-rel='gallery-1' data-prev-img='https:\/\/croioigeathlone.com\/wp-content\/uploads\/2019\/12\/IMG_0422-495x400.jpg' class='lightbox ' data-onclick='9' title='IMG_0422'  itemprop=\"thumbnailUrl\"  ><img fetchpriority=\"high\" class=\"wp-image-70 avia-img-lazy-loading-not-70\"   src='https:\/\/croioigeathlone.com\/wp-content\/uploads\/2019\/12\/IMG_0422-495x400.jpg' width='495' height='400'  title='IMG_0422' alt='' \/><div class='big-prev-fake'><img loading=\"lazy\" class=\"wp-image-70 avia-img-lazy-loading-70\"  width='495' height='400' src='https:\/\/croioigeathlone.com\/wp-content\/uploads\/2019\/12\/IMG_0422-495x400.jpg' title='IMG_0422' alt='' \/><\/div><\/a><\/div><\/div><\/p><\/div><\/p>\n<div  class='hr av-8qafu-1f0a25128ca72d2bf37f8505bf7a6999 hr-default  avia-builder-el-16  el_after_av_one_half  el_before_av_one_full '><span class='hr-inner '><span class=\"hr-inner-style\"><\/span><\/span><\/div>\n\n<style type=\"text\/css\" data-created_by=\"avia_inline_auto\" id=\"style-css-av-deija-c084f0887f8a517266d8047caa15e817\">\n.flex_column.av-deija-c084f0887f8a517266d8047caa15e817{\nborder-radius:0px 0px 0px 0px;\npadding:0px 0px 0px 0px;\n}\n<\/style>\n<div  class='flex_column av-deija-c084f0887f8a517266d8047caa15e817 av_one_full  avia-builder-el-17  el_after_av_hr  el_before_av_hr  first flex_column_div av-zero-column-padding  '     ><div  class='avia-slideshow av-k3ylzw02-311358d1e9d6df7e04d700d41b12d717 avia-slideshow-featured_large av_slideshow avia-slide-slider  avia-builder-el-18  avia-builder-el-no-sibling  av-slideshow-ui av-control-default av-slideshow-manual av-loop-once av-loop-manual-endless av-default-height-applied avia-slideshow-2' data-slideshow-options=\"{&quot;animation&quot;:&quot;slide&quot;,&quot;autoplay&quot;:false,&quot;loop_autoplay&quot;:&quot;once&quot;,&quot;interval&quot;:5,&quot;loop_manual&quot;:&quot;manual-endless&quot;,&quot;autoplay_stopper&quot;:false,&quot;noNavigation&quot;:false,&quot;bg_slider&quot;:false,&quot;keep_padding&quot;:false,&quot;hoverpause&quot;:false,&quot;show_slide_delay&quot;:0}\"  itemprop=\"image\" itemscope=\"itemscope\" itemtype=\"https:\/\/schema.org\/ImageObject\" ><ul class='avia-slideshow-inner ' style='padding-bottom: 48.723897911833%;'><li  class='avia-slideshow-slide av-k3ylzw02-311358d1e9d6df7e04d700d41b12d717__0  av-single-slide slide-1 slide-odd'><div data-rel='slideshow-2' class='avia-slide-wrap '   ><img fetchpriority=\"high\" class=\"wp-image-151 avia-img-lazy-loading-not-151\"  src='https:\/\/croioigeathlone.com\/wp-content\/uploads\/2023\/01\/image001-1293x630.jpg' width='1293' height='630' title='image001' alt=''  itemprop=\"thumbnailUrl\"   \/><\/div><\/li><\/ul><\/div><\/div>\n<div  class='hr av-fe3m-1de95c57dca4448bdb54d3ad0e3c47aa hr-default  avia-builder-el-19  el_after_av_one_full  avia-builder-el-last '><span class='hr-inner '><span class=\"hr-inner-style\"><\/span><\/span><\/div>\n","protected":false},"excerpt":{"rendered":"","protected":false},"author":2,"featured_media":0,"parent":0,"menu_order":0,"comment_status":"closed","ping_status":"closed","template":"","meta":{"footnotes":""},"class_list":["post-14","page","type-page","status-publish","hentry"],"yoast_head":"<!-- This site is optimized with the Yoast SEO plugin v27.4 - https:\/\/yoast.com\/product\/yoast-seo-wordpress\/ -->\n<title>HOME - Croioige Athlone<\/title>\n<meta name=\"robots\" content=\"index, follow, max-snippet:-1, max-image-preview:large, max-video-preview:-1\" \/>\n<link rel=\"canonical\" href=\"https:\/\/croioigeathlone.com\/\" \/>\n<meta property=\"og:locale\" content=\"en_GB\" \/>\n<meta property=\"og:type\" content=\"article\" \/>\n<meta property=\"og:title\" content=\"HOME - Croioige Athlone\" \/>\n<meta property=\"og:url\" content=\"https:\/\/croioigeathlone.com\/\" \/>\n<meta property=\"og:site_name\" content=\"Croioige Athlone\" \/>\n<meta property=\"article:modified_time\" content=\"2026-03-19T09:36:37+00:00\" \/>\n<meta name=\"twitter:card\" content=\"summary_large_image\" \/>\n<meta name=\"twitter:label1\" content=\"Estimated reading time\" \/>\n\t<meta name=\"twitter:data1\" content=\"8 minutes\" \/>\n<script type=\"application\/ld+json\" class=\"yoast-schema-graph\">{\"@context\":\"https:\\\/\\\/schema.org\",\"@graph\":[{\"@type\":\"WebPage\",\"@id\":\"https:\\\/\\\/croioigeathlone.com\\\/\",\"url\":\"https:\\\/\\\/croioigeathlone.com\\\/\",\"name\":\"HOME - Croioige Athlone\",\"isPartOf\":{\"@id\":\"https:\\\/\\\/croioigeathlone.com\\\/#website\"},\"datePublished\":\"2019-12-09T15:47:10+00:00\",\"dateModified\":\"2026-03-19T09:36:37+00:00\",\"breadcrumb\":{\"@id\":\"https:\\\/\\\/croioigeathlone.com\\\/#breadcrumb\"},\"inLanguage\":\"en-GB\",\"potentialAction\":[{\"@type\":\"ReadAction\",\"target\":[\"https:\\\/\\\/croioigeathlone.com\\\/\"]}]},{\"@type\":\"BreadcrumbList\",\"@id\":\"https:\\\/\\\/croioigeathlone.com\\\/#breadcrumb\",\"itemListElement\":[{\"@type\":\"ListItem\",\"position\":1,\"name\":\"Home\",\"item\":\"https:\\\/\\\/croioigeathlone.com\\\/\"},{\"@type\":\"ListItem\",\"position\":2,\"name\":\"HOME\"}]},{\"@type\":\"WebSite\",\"@id\":\"https:\\\/\\\/croioigeathlone.com\\\/#website\",\"url\":\"https:\\\/\\\/croioigeathlone.com\\\/\",\"name\":\"Croioige Athlone\",\"description\":\"Student Accommodation\",\"potentialAction\":[{\"@type\":\"SearchAction\",\"target\":{\"@type\":\"EntryPoint\",\"urlTemplate\":\"https:\\\/\\\/croioigeathlone.com\\\/?s={search_term_string}\"},\"query-input\":{\"@type\":\"PropertyValueSpecification\",\"valueRequired\":true,\"valueName\":\"search_term_string\"}}],\"inLanguage\":\"en-GB\"}]}<\/script>\n<!-- \/ Yoast SEO plugin. -->","yoast_head_json":{"title":"HOME - Croioige Athlone","robots":{"index":"index","follow":"follow","max-snippet":"max-snippet:-1","max-image-preview":"max-image-preview:large","max-video-preview":"max-video-preview:-1"},"canonical":"https:\/\/croioigeathlone.com\/","og_locale":"en_GB","og_type":"article","og_title":"HOME - Croioige Athlone","og_url":"https:\/\/croioigeathlone.com\/","og_site_name":"Croioige Athlone","article_modified_time":"2026-03-19T09:36:37+00:00","twitter_card":"summary_large_image","twitter_misc":{"Estimated reading time":"8 minutes"},"schema":{"@context":"https:\/\/schema.org","@graph":[{"@type":"WebPage","@id":"https:\/\/croioigeathlone.com\/","url":"https:\/\/croioigeathlone.com\/","name":"HOME - Croioige Athlone","isPartOf":{"@id":"https:\/\/croioigeathlone.com\/#website"},"datePublished":"2019-12-09T15:47:10+00:00","dateModified":"2026-03-19T09:36:37+00:00","breadcrumb":{"@id":"https:\/\/croioigeathlone.com\/#breadcrumb"},"inLanguage":"en-GB","potentialAction":[{"@type":"ReadAction","target":["https:\/\/croioigeathlone.com\/"]}]},{"@type":"BreadcrumbList","@id":"https:\/\/croioigeathlone.com\/#breadcrumb","itemListElement":[{"@type":"ListItem","position":1,"name":"Home","item":"https:\/\/croioigeathlone.com\/"},{"@type":"ListItem","position":2,"name":"HOME"}]},{"@type":"WebSite","@id":"https:\/\/croioigeathlone.com\/#website","url":"https:\/\/croioigeathlone.com\/","name":"Croioige Athlone","description":"Student Accommodation","potentialAction":[{"@type":"SearchAction","target":{"@type":"EntryPoint","urlTemplate":"https:\/\/croioigeathlone.com\/?s={search_term_string}"},"query-input":{"@type":"PropertyValueSpecification","valueRequired":true,"valueName":"search_term_string"}}],"inLanguage":"en-GB"}]}},"_links":{"self":[{"href":"https:\/\/croioigeathlone.com\/index.php?rest_route=\/wp\/v2\/pages\/14","targetHints":{"allow":["GET"]}}],"collection":[{"href":"https:\/\/croioigeathlone.com\/index.php?rest_route=\/wp\/v2\/pages"}],"about":[{"href":"https:\/\/croioigeathlone.com\/index.php?rest_route=\/wp\/v2\/types\/page"}],"author":[{"embeddable":true,"href":"https:\/\/croioigeathlone.com\/index.php?rest_route=\/wp\/v2\/users\/2"}],"replies":[{"embeddable":true,"href":"https:\/\/croioigeathlone.com\/index.php?rest_route=%2Fwp%2Fv2%2Fcomments&post=14"}],"version-history":[{"count":60,"href":"https:\/\/croioigeathlone.com\/index.php?rest_route=\/wp\/v2\/pages\/14\/revisions"}],"predecessor-version":[{"id":256,"href":"https:\/\/croioigeathlone.com\/index.php?rest_route=\/wp\/v2\/pages\/14\/revisions\/256"}],"wp:attachment":[{"href":"https:\/\/croioigeathlone.com\/index.php?rest_route=%2Fwp%2Fv2%2Fmedia&parent=14"}],"curies":[{"name":"wp","href":"https:\/\/api.w.org\/{rel}","templated":true}]}}